{"id":3976,"date":"2024-10-08T21:39:08","date_gmt":"2024-10-08T21:39:08","guid":{"rendered":"https:\/\/skanstehof.comadev.lv\/kontakti\/"},"modified":"2025-04-11T11:29:07","modified_gmt":"2025-04-11T11:29:07","slug":"kontakti","status":"publish","type":"page","link":"https:\/\/skanstehof.lv\/ru\/kontakti\/","title":{"rendered":"\u041a\u043e\u043d\u0442\u0430\u043a\u0442\u044b"},"content":{"rendered":"\t\t<div data-elementor-type=\"wp-page\" data-elementor-id=\"3976\" class=\"elementor elementor-3976 elementor-220\" data-elementor-post-type=\"page\">\n\t\t\t\t<div class=\"elementor-element elementor-element-d4dca13 e-flex e-con-boxed e-con e-parent\" data-id=\"d4dca13\" data-element_type=\"container\" data-settings=\"{&quot;background_background&quot;:&quot;classic&quot;}\">\n\t\t\t\t\t<div class=\"e-con-inner\">\n\t\t<div class=\"elementor-element elementor-element-fd3b4d5 e-con-full contact-s-1 e-flex e-con e-child\" data-id=\"fd3b4d5\" data-element_type=\"container\">\n\t\t\t\t<div class=\"elementor-element elementor-element-075be45 elementor-widget__width-initial elementor-widget elementor-widget-heading\" data-id=\"075be45\" data-element_type=\"widget\" data-widget_type=\"heading.default\">\n\t\t\t\t\t<h1 class=\"elementor-heading-title elementor-size-default\">\u0417\u0430\u0431\u0440\u043e\u043d\u0438\u0440\u0443\u0439\u0442\u0435 \u043a\u0432\u0430\u0440\u0442\u0438\u0440\u0443<\/h1>\t\t\t\t<\/div>\n\t\t\t\t<div class=\"elementor-element elementor-element-7861d15 contacts-link elementor-widget elementor-widget-text-editor\" data-id=\"7861d15\" data-element_type=\"widget\" data-widget_type=\"text-editor.default\">\n\t\t\t\t\t\t\t\t\t<p><a href=\"tel:+37122109109\">+37122109109<\/a><br \/><a href=\"mailto:edgars@incity.lv\" target=\"_blank\" rel=\"noopener noreferrer\">edgars@incity.lv<\/a><\/p><p>Hospit\u0101\u013cu iela 49,<br \/>R\u012bga, LV-1013<\/p>\t\t\t\t\t\t\t\t<\/div>\n\t\t<div class=\"elementor-element elementor-element-ce6d854 e-con-full social-link-popup e-flex e-con e-child\" data-id=\"ce6d854\" data-element_type=\"container\">\n\t\t\t\t<div class=\"elementor-element elementor-element-442f27f elementor-widget elementor-widget-html\" data-id=\"442f27f\" data-element_type=\"widget\" data-widget_type=\"html.default\">\n\t\t\t\t\t<a href=\"https:\/\/www.instagram.com\/skanste_hof\/profilecard\/\" target=\"_blank\" rel=\"noopener\">\n<button class=\"gallery-button is-inview gallery-light\">\n    <svg class=\"button-circle circle-m\" width=\"50\" height=\"50\" viewBox=\"0 0 174 174\" fill=\"none\" xmlns=\"http:\/\/www.w3.org\/2000\/svg\">\n        <circle cx=\"87\" cy=\"87\" r=\"86.5\" stroke=\"#8986CA\" stroke-opacity=\"0.5\"><\/circle>\n        <circle cx=\"87\" cy=\"87\" r=\"86.5\" stroke-opacity=\"0.5\"><\/circle>\n    <\/svg>\n    <svg width=\"14\" height=\"14\" viewBox=\"0 0 14 14\" fill=\"none\" xmlns=\"http:\/\/www.w3.org\/2000\/svg\">\n<path d=\"M11.9761 9.39795C11.9761 10.8118 10.8118 12.0593 9.31478 12.0593H3.90888C2.49503 12.0593 1.24752 10.895 1.24752 9.39795V3.99205C1.24752 2.5782 2.41186 1.33068 3.90888 1.33068H9.31478C10.7286 1.33068 11.9761 2.49503 11.9761 3.99205C11.9761 3.99205 11.9761 9.39795 11.9761 9.39795ZM9.31478 0H3.90888C1.74652 0 0 1.74652 0 3.99205V9.39795C0 11.5603 1.74652 13.39 3.99205 13.39H9.39795C11.5603 13.39 13.39 11.6435 13.39 9.39795V3.99205C13.3068 1.74652 11.5603 0 9.31478 0ZM6.65342 8.73261C5.48907 8.73261 4.57422 7.81776 4.57422 6.65342C4.57422 5.48907 5.48907 4.57422 6.65342 4.57422C7.81776 4.57422 8.73261 5.48907 8.73261 6.65342C8.73261 7.81776 7.81776 8.73261 6.65342 8.73261ZM6.65342 3.24354C4.74056 3.24354 3.16037 4.74056 3.16037 6.65342C3.16037 8.56627 4.74056 10.0633 6.57025 10.0633C8.39994 10.0633 9.98012 8.48311 9.98012 6.65342C10.0633 4.74056 8.56627 3.24354 6.65342 3.24354ZM10.0633 2.41186C10.4791 2.41186 10.895 2.74453 10.895 3.24354C10.895 3.74255 10.5623 4.07522 10.0633 4.07522C9.64745 4.07522 9.23162 3.74255 9.23162 3.24354C9.23162 2.74453 9.64745 2.41186 10.0633 2.41186Z\" fill=\"white\"><\/path>\n<\/svg>\n<\/button>\n<\/a>\t\t\t\t<\/div>\n\t\t\t\t<div class=\"elementor-element elementor-element-1f6a092 elementor-widget elementor-widget-html\" data-id=\"1f6a092\" data-element_type=\"widget\" data-widget_type=\"html.default\">\n\t\t\t\t\t<a href=\"https:\/\/www.facebook.com\/profile.php?id=61567377425607\" target=\"_blank\" rel=\"noopener\">\n    <button class=\"gallery-button is-inview gallery-light\">\n    <svg class=\"button-circle circle-m\" width=\"50\" height=\"50\" viewBox=\"0 0 174 174\" fill=\"none\" xmlns=\"http:\/\/www.w3.org\/2000\/svg\">\n        <circle cx=\"87\" cy=\"87\" r=\"86.5\" stroke=\"#8986CA\" stroke-opacity=\"0.5\"><\/circle>\n        <circle cx=\"87\" cy=\"87\" r=\"86.5\" stroke-opacity=\"0.5\"><\/circle>\n    <\/svg>\n    <svg width=\"7\" height=\"14\" viewBox=\"0 0 7 14\" fill=\"none\" xmlns=\"http:\/\/www.w3.org\/2000\/svg\">\n<path d=\"M4.11742 4.38683V3.23465C4.11742 3.06111 4.12589 2.9274 4.14 2.83352C4.15693 2.73964 4.19362 2.64576 4.25006 2.55187C4.3065 2.46084 4.39681 2.3954 4.5238 2.36127C4.6508 2.32713 4.8173 2.30721 5.02896 2.30721H6.1719V0H4.34319C3.28491 0 2.52577 0.253196 2.06294 0.759588C1.60012 1.26598 1.36871 2.01134 1.36871 2.99852V4.38683H0V6.69405H1.36871V13.3881H4.11742V6.69405H5.94613L6.18883 4.38683H4.11742Z\" fill=\"white\"><\/path>\n<\/svg>\n<\/button>\n<\/a>\t\t\t\t<\/div>\n\t\t\t\t<\/div>\n\t\t\t\t<\/div>\n\t\t<div class=\"elementor-element elementor-element-c86f038 e-con-full form-section e-flex e-con e-child\" data-id=\"c86f038\" data-element_type=\"container\" data-settings=\"{&quot;background_background&quot;:&quot;classic&quot;}\">\n\t\t\t\t<div class=\"elementor-element elementor-element-d738daf contact-form elementor-button-align-stretch elementor-widget elementor-widget-form\" data-id=\"d738daf\" data-element_type=\"widget\" data-settings=\"{&quot;step_next_label&quot;:&quot;Next&quot;,&quot;step_previous_label&quot;:&quot;Previous&quot;,&quot;button_width&quot;:&quot;100&quot;,&quot;step_type&quot;:&quot;number_text&quot;,&quot;step_icon_shape&quot;:&quot;circle&quot;}\" data-widget_type=\"form.default\">\n\t\t\t\t\t\t\t<form class=\"elementor-form\" method=\"post\" name=\"New Form\" aria-label=\"New Form\">\n\t\t\t<input type=\"hidden\" name=\"post_id\" value=\"3976\"\/>\n\t\t\t<input type=\"hidden\" name=\"form_id\" value=\"d738daf\"\/>\n\t\t\t<input type=\"hidden\" name=\"referer_title\" value=\"\u041a\u043e\u043d\u0442\u0430\u043a\u0442\u044b - Skanstehof\" \/>\n\n\t\t\t\t\t\t\t<input type=\"hidden\" name=\"queried_id\" value=\"3976\"\/>\n\t\t\t\n\t\t\t<div class=\"elementor-form-fields-wrapper elementor-labels-above\">\n\t\t\t\t\t\t\t\t<div class=\"elementor-field-type-text elementor-field-group elementor-column elementor-field-group-name elementor-col-100 elementor-field-required\">\n\t\t\t\t\t\t\t\t\t\t\t\t<label for=\"form-field-name\" class=\"elementor-field-label\">\n\t\t\t\t\t\t\t\t\u0418\u043c\u044f*\t\t\t\t\t\t\t<\/label>\n\t\t\t\t\t\t\t\t\t\t\t\t\t\t<input size=\"1\" type=\"text\" name=\"form_fields[name]\" id=\"form-field-name\" class=\"elementor-field elementor-size-sm  elementor-field-textual\" placeholder=\"\u0418\u043c\u044f*\" required=\"required\">\n\t\t\t\t\t\t\t\t\t\t\t<\/div>\n\t\t\t\t\t\t\t\t<div class=\"elementor-field-type-text elementor-field-group elementor-column elementor-field-group-field_c5b1df4 elementor-col-100 elementor-field-required\">\n\t\t\t\t\t\t\t\t\t\t\t\t<label for=\"form-field-field_c5b1df4\" class=\"elementor-field-label\">\n\t\t\t\t\t\t\t\t\u0422\u0435\u043b\u0435\u0444\u043e\u043d*\t\t\t\t\t\t\t<\/label>\n\t\t\t\t\t\t\t\t\t\t\t\t\t\t<input size=\"1\" type=\"text\" name=\"form_fields[field_c5b1df4]\" id=\"form-field-field_c5b1df4\" class=\"elementor-field elementor-size-sm  elementor-field-textual\" placeholder=\"\u0422\u0435\u043b\u0435\u0444\u043e\u043d*\" required=\"required\">\n\t\t\t\t\t\t\t\t\t\t\t<\/div>\n\t\t\t\t\t\t\t\t<div class=\"elementor-field-type-email elementor-field-group elementor-column elementor-field-group-email elementor-col-100 elementor-field-required\">\n\t\t\t\t\t\t\t\t\t\t\t\t<label for=\"form-field-email\" class=\"elementor-field-label\">\n\t\t\t\t\t\t\t\t\u042d\u043b. \u043f\u043e\u0447\u0442\u0430*\t\t\t\t\t\t\t<\/label>\n\t\t\t\t\t\t\t\t\t\t\t\t\t\t<input size=\"1\" type=\"email\" name=\"form_fields[email]\" id=\"form-field-email\" class=\"elementor-field elementor-size-sm  elementor-field-textual\" placeholder=\"\u042d\u043b. \u043f\u043e\u0447\u0442\u0430*\" required=\"required\">\n\t\t\t\t\t\t\t\t\t\t\t<\/div>\n\t\t\t\t\t\t\t\t<div class=\"elementor-field-type-textarea elementor-field-group elementor-column elementor-field-group-message elementor-col-100\">\n\t\t\t\t\t\t\t\t\t\t\t\t<label for=\"form-field-message\" class=\"elementor-field-label\">\n\t\t\t\t\t\t\t\t\u0421\u043e\u043e\u0431\u0449\u0435\u043d\u0438\u0435\t\t\t\t\t\t\t<\/label>\n\t\t\t\t\t\t<textarea class=\"elementor-field-textual elementor-field  elementor-size-sm\" name=\"form_fields[message]\" id=\"form-field-message\" rows=\"4\" placeholder=\"\u0421\u043e\u043e\u0431\u0449\u0435\u043d\u0438\u0435\"><\/textarea>\t\t\t\t<\/div>\n\t\t\t\t\t\t\t\t<div class=\"elementor-field-type-acceptance elementor-field-group elementor-column elementor-field-group-field_8997a61 elementor-col-100\">\n\t\t\t\t\t\t\t<div class=\"elementor-field-subgroup\">\n\t\t\t<span class=\"elementor-field-option\">\n\t\t\t\t<input type=\"checkbox\" name=\"form_fields[field_8997a61]\" id=\"form-field-field_8997a61\" class=\"elementor-field elementor-size-sm  elementor-acceptance-field\">\n\t\t\t\t<label for=\"form-field-field_8997a61\">\u042f \u0434\u0430\u044e \u0441\u043e\u0433\u043b\u0430\u0441\u0438\u0435 \u043d\u0430 \u043e\u0431\u0440\u0430\u0431\u043e\u0442\u043a\u0443 \u043c\u043e\u0438\u0445 \u043f\u0435\u0440\u0441\u043e\u043d\u0430\u043b\u044c\u043d\u044b\u0445 \u0434\u0430\u043d\u043d\u044b\u0445. <a href=\"\/ru\/privatuma-politika\/\">\u0427\u0438\u0442\u0430\u0442\u044c \u0434\u0430\u043b\u0435\u0435<\/a><\/label>\t\t\t<\/span>\n\t\t<\/div>\n\t\t\t\t\t\t<\/div>\n\t\t\t\t\t\t\t\t<div class=\"elementor-field-group elementor-column elementor-field-type-submit elementor-col-100 e-form__buttons\">\n\t\t\t\t\t<button class=\"elementor-button elementor-size-sm\" type=\"submit\">\n\t\t\t\t\t\t<span class=\"elementor-button-content-wrapper\">\n\t\t\t\t\t\t\t\t\t\t\t\t\t\t\t\t\t\t\t\t\t\t<span class=\"elementor-button-text\">\u041e\u0422\u041f\u0420\u0410\u0412\u0418\u0422\u042c<\/span>\n\t\t\t\t\t\t\t\t\t\t\t\t\t<\/span>\n\t\t\t\t\t<\/button>\n\t\t\t\t<\/div>\n\t\t\t<\/div>\n\t\t<\/form>\n\t\t\t\t\t\t<\/div>\n\t\t\t\t<div class=\"elementor-element elementor-element-2edfd0c elementor-widget elementor-widget-html\" data-id=\"2edfd0c\" data-element_type=\"widget\" data-widget_type=\"html.default\">\n\t\t\t\t\t<script>\ndocument.querySelectorAll('.elementor-field-group input, .elementor-field-group textarea').forEach(field => {\n  const container = field.parentElement;\n  \n  \/\/ \u041f\u0440\u043e\u0432\u0435\u0440\u044f\u0435\u043c \u043d\u0430 \u0437\u0430\u043f\u043e\u043b\u043d\u0435\u043d\u043d\u043e\u0441\u0442\u044c \u043f\u0440\u0438 \u0437\u0430\u0433\u0440\u0443\u0437\u043a\u0435 \u0441\u0442\u0440\u0430\u043d\u0438\u0446\u044b\n  if (field.value) {\n    container.classList.add('filled');\n  }\n\n  \/\/ \u0414\u043e\u0431\u0430\u0432\u043b\u044f\u0435\u043c \u043a\u043b\u0430\u0441\u0441 \u043f\u0440\u0438 \u0444\u043e\u043a\u0443\u0441\u0435\n  field.addEventListener('focus', () => container.classList.add('focused'));\n\n  \/\/ \u0423\u0431\u0438\u0440\u0430\u0435\u043c \u043a\u043b\u0430\u0441\u0441 \u0444\u043e\u043a\u0443\u0441\u0430 \u043f\u0440\u0438 \u043f\u043e\u0442\u0435\u0440\u0435 \u0444\u043e\u043a\u0443\u0441\u0430, \u043d\u043e \u043e\u0441\u0442\u0430\u0432\u043b\u044f\u0435\u043c 'filled', \u0435\u0441\u043b\u0438 \u0435\u0441\u0442\u044c \u0437\u043d\u0430\u0447\u0435\u043d\u0438\u0435\n  field.addEventListener('blur', () => {\n    container.classList.remove('focused');\n    if (field.value) {\n      container.classList.add('filled');\n    } else {\n      container.classList.remove('filled');\n    }\n  });\n});\n<\/script>\t\t\t\t<\/div>\n\t\t\t\t<\/div>\n\t\t\t\t\t<\/div>\n\t\t\t\t<\/div>\n\t\t\t\t<\/div>\n\t\t","protected":false},"excerpt":{"rendered":"<p>\u0417\u0430\u0431\u0440\u043e\u043d\u0438\u0440\u0443\u0439\u0442\u0435 \u043a\u0432\u0430\u0440\u0442\u0438\u0440\u0443 +37122109109edgars@incity.lv Hospit\u0101\u013cu iela 49,R\u012bga, LV-1013<\/p>\n","protected":false},"author":2,"featured_media":0,"parent":0,"menu_order":0,"comment_status":"closed","ping_status":"closed","template":"elementor_header_footer","meta":{"_acf_changed":false,"inline_featured_image":false,"footnotes":""},"class_list":["post-3976","page","type-page","status-publish","hentry"],"acf":[],"rankMath":{"parentDomain":"skanstehof.lv","noFollowDomains":[],"noFollowExcludeDomains":[],"noFollowExternalLinks":false,"featuredImageNotice":"\u041f\u043e\u043a\u0430\u0437\u0430\u043d\u043d\u043e\u0435 \u0438\u0437\u043e\u0431\u0440\u0430\u0436\u0435\u043d\u0438\u0435 \u0434\u043e\u043b\u0436\u043d\u043e \u0431\u044b\u0442\u044c \u0440\u0430\u0437\u043c\u0435\u0440\u043e\u043c \u043d\u0435 \u043c\u0435\u043d\u0435\u0435 200 \u043d\u0430 200 \u043f\u0438\u043a\u0441\u0435\u043b\u0435\u0439, \u0447\u0442\u043e\u0431\u044b \u0435\u0433\u043e \u043c\u043e\u0433\u043b\u0438 \u0443\u0432\u0438\u0434\u0435\u0442\u044c Facebook \u0438 \u0434\u0440\u0443\u0433\u0438\u0435 \u0441\u0430\u0439\u0442\u044b \u0441\u043e\u0446\u0438\u0430\u043b\u044c\u043d\u044b\u0445 \u0441\u0435\u0442\u0435\u0439.","pluginReviewed":false,"postSettings":{"linkSuggestions":true,"useFocusKeyword":false},"frontEndScore":false,"postName":"kontakti","permalinkFormat":"https:\/\/skanstehof.lv\/ru\/%pagename%\/","showLockModifiedDate":true,"assessor":{"focusKeywordLink":"https:\/\/skanstehof.lv\/wp-admin\/edit.php?focus_keyword=%focus_keyword%&post_type=%post_type%","hasTOCPlugin":true,"primaryTaxonomy":false,"serpData":{"title":"","description":"","focusKeywords":"","pillarContent":false,"canonicalUrl":"","breadcrumbTitle":"","advancedRobots":{"max-snippet":-1,"max-video-preview":-1,"max-image-preview":"large"},"facebookTitle":"","facebookDescription":"","facebookImage":"","facebookImageID":"","facebookHasOverlay":false,"facebookImageOverlay":"","facebookAuthor":"","twitterCardType":"","twitterUseFacebook":true,"twitterTitle":"","twitterDescription":"","twitterImage":"","twitterImageID":"","twitterHasOverlay":false,"twitterImageOverlay":"","twitterPlayerUrl":"","twitterPlayerSize":"","twitterPlayerStream":"","twitterPlayerStreamCtype":"","twitterAppDescription":"","twitterAppIphoneName":"","twitterAppIphoneID":"","twitterAppIphoneUrl":"","twitterAppIpadName":"","twitterAppIpadID":"","twitterAppIpadUrl":"","twitterAppGoogleplayName":"","twitterAppGoogleplayID":"","twitterAppGoogleplayUrl":"","twitterAppCountry":"","robots":{"index":true},"twitterAuthor":"\u0438\u043c\u044f \u043f\u043e\u043b\u044c\u0437\u043e\u0432\u0430\u0442\u0435\u043b\u044f","primaryTerm":0,"authorName":"vitaliy","titleTemplate":"%title% %sep% %sitename%","descriptionTemplate":"%excerpt%","showScoreFrontend":true,"lockModifiedDate":false},"powerWords":[],"diacritics":{"A":"[\\u0410\\u0430]","B":"[\\u0411\\u0431]","V":"[\\u0412\\u0432]","G":"[\\u0413\\u0433]","D":"[\\u0414\\u0434]","YE":"[\\u0415\\u0435]","YO":"[\\u0401\\u0451]","ZH":"[\\u0416\\u0436]","Z":"[\\u0417\\u0437]","EE":"[\\u0418\\u0438]","YI":"[\\u0419\\u0439]","K":"[\\u041A\\u043A]","L":"[\\u041B\\u043B]","M":"[\\u041C\\u043c]","P":"[\\u041F\\u043F]","T":"[\\u0422\\u0442]","U":"[\\u0423\\u0443]","F":"[\\u0424\\u0444]","H":"[\\u0425\\u0445]","TS":"[\\u0426\\u0446]","CH":"[\\u0427\\u0447]","SH":"[\\u0428\\u0448\\u0429\\u0449]","I":"[\\u042B\\u044B]","E":"[\\u042D\\u044D]","YU":"[\\u042E\\u044E]","YA":"[\\u042F\\u044F]","N":"[\\u041D\\u043D]"},"researchesTests":["contentHasTOC","contentHasShortParagraphs","contentHasAssets","keywordInTitle","keywordInMetaDescription","keywordInPermalink","keywordIn10Percent","keywordInContent","keywordInSubheadings","keywordInImageAlt","keywordDensity","keywordNotUsed","lengthContent","lengthPermalink","linksHasInternal","linksHasExternals","linksNotAllExternals","titleStartWithKeyword","titleSentiment","titleHasPowerWords","titleHasNumber","hasContentAI"],"hasRedirection":false,"hasBreadcrumb":false},"homeUrl":"https:\/\/skanstehof.lv\/ru\/","objectID":3976,"objectType":"post","locale":"ru","localeFull":"ru_RU","overlayImages":{"play":{"name":"Play \u0438\u043a\u043e\u043d\u043a\u0430","url":"https:\/\/skanstehof.lv\/wp-content\/plugins\/seo-by-rank-math\/assets\/admin\/img\/icon-play.png","path":"\/var\/www\/vhosts\/skanstehof.lv\/httpdocs\/wp-content\/plugins\/seo-by-rank-math\/assets\/admin\/img\/icon-play.png","position":"middle_center"},"gif":{"name":"GIF \u0438\u043a\u043e\u043d\u043a\u0430","url":"https:\/\/skanstehof.lv\/wp-content\/plugins\/seo-by-rank-math\/assets\/admin\/img\/icon-gif.png","path":"\/var\/www\/vhosts\/skanstehof.lv\/httpdocs\/wp-content\/plugins\/seo-by-rank-math\/assets\/admin\/img\/icon-gif.png","position":"middle_center"}},"defautOgImage":"https:\/\/skanstehof.lv\/wp-content\/uploads\/2024\/10\/Livingroom-hall-kitchen_3.jpg","customPermalinks":true,"isUserRegistered":true,"autoSuggestKeywords":true,"connectSiteUrl":"https:\/\/rankmath.com\/auth?site=https%3A%2F%2Fskanstehof.lv%2Fru%2F&r=https%3A%2F%2Fskanstehof.lv%2Fru%2Fwp-json%2Fwp%2Fv2%2Fpages%2F3976%3Fnonce%3Df916dcf4b8","maxTags":5,"trendsIcon":"<svg viewBox=\"0 0 610 610\"><path d=\"M18.85,446,174.32,290.48l58.08,58.08L76.93,504a14.54,14.54,0,0,1-20.55,0L18.83,466.48a14.54,14.54,0,0,1,0-20.55Z\" style=\"fill:#4285f4\"\/><path d=\"M242.65,242.66,377.59,377.6l-47.75,47.75a14.54,14.54,0,0,1-20.55,0L174.37,290.43l47.75-47.75A14.52,14.52,0,0,1,242.65,242.66Z\" style=\"fill:#ea4335\"\/><polygon points=\"319.53 319.53 479.26 159.8 537.34 217.88 377.61 377.62 319.53 319.53\" style=\"fill:#fabb05\"\/><path d=\"M594.26,262.73V118.61h0a16.94,16.94,0,0,0-16.94-16.94H433.2a16.94,16.94,0,0,0-12,28.92L565.34,274.71h0a16.94,16.94,0,0,0,28.92-12Z\" style=\"fill:#34a853\"\/><rect width=\"610\" height=\"610\" style=\"fill:none\"\/><\/svg>","showScore":true,"siteFavIcon":"https:\/\/skanstehof.lv\/wp-content\/uploads\/2024\/10\/favicon.svg","canUser":{"general":false,"advanced":false,"snippet":false,"social":false,"analysis":false,"analytics":false,"content_ai":false},"showKeywordIntent":true,"isPro":false,"is_front_page":false,"trendsUpgradeLink":"https:\/\/rankmath.com\/pricing\/?utm_source=Plugin&utm_medium=CE%20General%20Tab%20Trends&utm_campaign=WP","trendsUpgradeLabel":"\u0410\u043f\u0433\u0440\u0435\u0439\u0434","trendsPreviewImage":"https:\/\/skanstehof.lv\/wp-content\/plugins\/seo-by-rank-math\/assets\/admin\/img\/trends-preview.jpg","currentEditor":false,"homepageData":{"assessor":{"powerWords":[],"diacritics":true,"researchesTests":["contentHasTOC","contentHasShortParagraphs","contentHasAssets","keywordInTitle","keywordInMetaDescription","keywordInPermalink","keywordIn10Percent","keywordInContent","keywordInSubheadings","keywordInImageAlt","keywordDensity","keywordNotUsed","lengthContent","lengthPermalink","linksHasInternal","linksHasExternals","linksNotAllExternals","titleStartWithKeyword","titleSentiment","titleHasPowerWords","titleHasNumber","hasContentAI"],"hasBreadcrumb":false,"serpData":{"title":"%sitename% %page% %sep% %sitedesc%","description":"","titleTemplate":"%sitename% %page% %sep% %sitedesc%","descriptionTemplate":"","focusKeywords":"","breadcrumbTitle":"Home","robots":{"index":true},"advancedRobots":{"max-snippet":-1,"max-video-preview":-1,"max-image-preview":"large"},"facebookTitle":"","facebookDescription":"","facebookImage":"","facebookImageID":""}}},"tocTitle":"Table of Contents","tocExcludeHeadings":[],"listStyle":"ul"},"_links":{"self":[{"href":"https:\/\/skanstehof.lv\/ru\/wp-json\/wp\/v2\/pages\/3976","targetHints":{"allow":["GET"]}}],"collection":[{"href":"https:\/\/skanstehof.lv\/ru\/wp-json\/wp\/v2\/pages"}],"about":[{"href":"https:\/\/skanstehof.lv\/ru\/wp-json\/wp\/v2\/types\/page"}],"author":[{"embeddable":true,"href":"https:\/\/skanstehof.lv\/ru\/wp-json\/wp\/v2\/users\/2"}],"replies":[{"embeddable":true,"href":"https:\/\/skanstehof.lv\/ru\/wp-json\/wp\/v2\/comments?post=3976"}],"version-history":[{"count":12,"href":"https:\/\/skanstehof.lv\/ru\/wp-json\/wp\/v2\/pages\/3976\/revisions"}],"predecessor-version":[{"id":5031,"href":"https:\/\/skanstehof.lv\/ru\/wp-json\/wp\/v2\/pages\/3976\/revisions\/5031"}],"wp:attachment":[{"href":"https:\/\/skanstehof.lv\/ru\/wp-json\/wp\/v2\/media?parent=3976"}],"curies":[{"name":"wp","href":"https:\/\/api.w.org\/{rel}","templated":true}]}}